{"id":1229,"date":"2024-09-13T16:37:19","date_gmt":"2024-09-13T14:37:19","guid":{"rendered":"http:\/\/reiki.one\/?page_id=1229"},"modified":"2024-11-18T13:21:35","modified_gmt":"2024-11-18T12:21:35","slug":"1229-2","status":"publish","type":"page","link":"http:\/\/reiki.one\/?page_id=1229","title":{"rendered":"Collectif Shoshin"},"content":{"rendered":"\n<p><em><a href=\"http:\/\/reiki.one\/\" data-type=\"page\" data-id=\"16\">retour \u00e0 la page d&rsquo;accueil de reiki.one<\/a><\/em><\/p>\n\n\n\n<figure class=\"wp-block-image size-large is-resized\"><img loading=\"lazy\" decoding=\"async\" width=\"1024\" height=\"427\" src=\"http:\/\/reiki.one\/wp-content\/uploads\/2024\/09\/Logo-Collectif-Shoshin-horizontal-fond-transparent-1024x427.png\" alt=\"\" class=\"wp-image-1320\" style=\"width:435px;height:auto\" srcset=\"http:\/\/reiki.one\/wp-content\/uploads\/2024\/09\/Logo-Collectif-Shoshin-horizontal-fond-transparent-1024x427.png 1024w, http:\/\/reiki.one\/wp-content\/uploads\/2024\/09\/Logo-Collectif-Shoshin-horizontal-fond-transparent-300x125.png 300w, http:\/\/reiki.one\/wp-content\/uploads\/2024\/09\/Logo-Collectif-Shoshin-horizontal-fond-transparent-768x320.png 768w, http:\/\/reiki.one\/wp-content\/uploads\/2024\/09\/Logo-Collectif-Shoshin-horizontal-fond-transparent-1536x641.png 1536w, http:\/\/reiki.one\/wp-content\/uploads\/2024\/09\/Logo-Collectif-Shoshin-horizontal-fond-transparent-2048x854.png 2048w\" sizes=\"(max-width: 1024px) 100vw, 1024px\" \/><\/figure>\n\n\n<div class=\"wp-block-image\">\n<figure class=\"alignright size-full is-resized\"><a href=\"http:\/\/reiki.one\/wp-content\/uploads\/2024\/09\/Copie-de-Charte-du-Collectif-Shoshin-pour-site-3.pdf\" target=\"_blank\" rel=\"noreferrer noopener\"><img loading=\"lazy\" decoding=\"async\" width=\"728\" height=\"1020\" src=\"http:\/\/reiki.one\/wp-content\/uploads\/2024\/09\/Screenshot-2024-09-24-08.20.35.png\" alt=\"\" class=\"wp-image-1381\" style=\"width:103px;height:auto\" srcset=\"http:\/\/reiki.one\/wp-content\/uploads\/2024\/09\/Screenshot-2024-09-24-08.20.35.png 728w, http:\/\/reiki.one\/wp-content\/uploads\/2024\/09\/Screenshot-2024-09-24-08.20.35-214x300.png 214w\" sizes=\"(max-width: 728px) 100vw, 728px\" \/><\/a><\/figure><\/div>\n\n\n<p>Ce collectif rassemble des praticiennes, praticiens, enseignantes et enseignants Reiki de tous pays ayant en commun le respect des origines du Reiki traditionnel.<br>Ils adh\u00e8rent \u00e0 une charte reprenant des normes d&rsquo;\u00e9thique et de pratiques que vous pouvez <a href=\"http:\/\/reiki.one\/wp-content\/uploads\/2024\/09\/Copie-de-Charte-du-Collectif-Shoshin-pour-site-3.pdf\" target=\"_blank\" rel=\"noreferrer noopener\">trouver ici<\/a>.<\/p>\n\n\n\n<p>Ce collectif&nbsp; a \u00e9galement pour but de soutenir et de promouvoir la pratique et l\u2019enseignement du Reiki traditionnel.<\/p>\n\n\n\n<p style=\"text-decoration:underline\"><strong>Pour adh\u00e9rer au Collectif Shoshin et pour tout renseignement :<\/strong><\/p>\n\n\n\n<p>Email : <a href=\"mailto:reikiphil@gmail.com\" target=\"_blank\" rel=\"noreferrer noopener\">reikiphil@gmail.com<\/a> &#8211; T\u00e9l\u00e9phone : +33 7 69662400<\/p>\n\n\n\n<p style=\"font-size:24px\"><strong><mark style=\"background-color:rgba(0, 0, 0, 0);color:#960000\" class=\"has-inline-color\">Carte interactive<\/mark><\/strong><\/p>\n\n\n<div class=\"wp-block-image\">\n<figure class=\"alignleft is-resized\"><a href=\"http:\/\/reiki.one\/?page_id=1229\"><img loading=\"lazy\" decoding=\"async\" width=\"166\" height=\"164\" src=\"http:\/\/reiki.one\/wp-content\/uploads\/2024\/09\/Screenshot-2024-09-14-18.19.57.png\" alt=\"\" class=\"wp-image-1296\" style=\"width:55px;height:auto\"\/><\/a><\/figure><\/div>\n\n\n<p>Pour revenir \u00e0 la vue de d\u00e9part de la carte, actualisez la page<\/p>\n\n\n\n<iframe loading=\"lazy\" width=\"100%\" height=\"800px\" frameborder=\"0\" allowfullscreen allow=\"geolocation\" src=\"\/\/umap.openstreetmap.fr\/fr\/map\/collectif-reiki-shoshin_1119329?scaleControl=false&#038;miniMap=false&#038;scrollWheelZoom=false&#038;zoomControl=true&#038;editMode=disabled&#038;moreControl=true&#038;searchControl=null&#038;tilelayersControl=null&#038;embedControl=null&#038;datalayersControl=true&#038;onLoadPanel=databrowser&#038;captionBar=false&#038;captionMenus=true\"><\/iframe><p><a href=\"\/\/umap.openstreetmap.fr\/fr\/map\/collectif-reiki-shoshin_1119329?scaleControl=false&#038;miniMap=false&#038;scrollWheelZoom=true&#038;zoomControl=true&#038;editMode=disabled&#038;moreControl=true&#038;searchControl=null&#038;tilelayersControl=null&#038;embedControl=null&#038;datalayersControl=true&#038;onLoadPanel=databrowser&#038;captionBar=false&#038;captionMenus=true\">Voir en plein \u00e9cran<\/a><\/p>\n","protected":false},"excerpt":{"rendered":"<p>retour \u00e0 la page d&rsquo;accueil de reiki.one Ce collectif rassemble des praticiennes, praticiens, enseignantes et enseignants Reiki de tous pays ayant en commun le respect des origines du Reiki traditionnel.Ils adh\u00e8rent \u00e0 une charte reprenant des normes d&rsquo;\u00e9thique et de pratiques que vous pouvez trouver ici. Ce collectif&nbsp; a \u00e9galement pour but de soutenir et [&hellip;]<\/p>\n","protected":false},"author":1,"featured_media":0,"parent":0,"menu_order":0,"comment_status":"closed","ping_status":"closed","template":"","meta":{"footnotes":""},"_links":{"self":[{"href":"http:\/\/reiki.one\/index.php?rest_route=\/wp\/v2\/pages\/1229"}],"collection":[{"href":"http:\/\/reiki.one\/index.php?rest_route=\/wp\/v2\/pages"}],"about":[{"href":"http:\/\/reiki.one\/index.php?rest_route=\/wp\/v2\/types\/page"}],"author":[{"embeddable":true,"href":"http:\/\/reiki.one\/index.php?rest_route=\/wp\/v2\/users\/1"}],"replies":[{"embeddable":true,"href":"http:\/\/reiki.one\/index.php?rest_route=%2Fwp%2Fv2%2Fcomments&post=1229"}],"version-history":[{"count":90,"href":"http:\/\/reiki.one\/index.php?rest_route=\/wp\/v2\/pages\/1229\/revisions"}],"predecessor-version":[{"id":1427,"href":"http:\/\/reiki.one\/index.php?rest_route=\/wp\/v2\/pages\/1229\/revisions\/1427"}],"wp:attachment":[{"href":"http:\/\/reiki.one\/index.php?rest_route=%2Fwp%2Fv2%2Fmedia&parent=1229"}],"curies":[{"name":"wp","href":"https:\/\/api.w.org\/{rel}","templated":true}]}}