{"id":1474,"date":"2025-06-11T14:21:44","date_gmt":"2025-06-11T12:21:44","guid":{"rendered":"http:\/\/reiki.one\/?page_id=1474"},"modified":"2025-06-11T14:21:44","modified_gmt":"2025-06-11T12:21:44","slug":"politique-de-cookies","status":"publish","type":"page","link":"http:\/\/reiki.one\/?page_id=1474","title":{"rendered":"Politique de Cookies"},"content":{"rendered":"\n<h2 class=\"wp-block-heading\"><\/h2>\n\n\n\n<p>Cette politique explique comment La Tasse et le Biscuit SAS utilise les cookies et les technologies similaires sur son site internet.<\/p>\n\n\n\n<p>1. Qu&rsquo;est-ce qu&rsquo;un cookie ?<\/p>\n\n\n\n<p>Un cookie est un petit fichier texte d\u00e9pos\u00e9 sur votre terminal (ordinateur, tablette, smartphone) lors de la consultation d&rsquo;un site internet. Il contient des informations sur votre navigation et permet au site de \u00ab\u00a0se souvenir\u00a0\u00bb de vous ou de vos pr\u00e9f\u00e9rences pour une prochaine visite.<\/p>\n\n\n\n<p>2. Types de cookies utilis\u00e9s et leurs finalit\u00e9s<\/p>\n\n\n\n<p>Nous utilisons diff\u00e9rents types de cookies sur notre site :<\/p>\n\n\n\n<ul>\n<li>Cookies strictement n\u00e9cessaires : Ces cookies sont indispensables au bon fonctionnement du site. Ils permettent, par exemple, d&rsquo;acc\u00e9der \u00e0 des zones s\u00e9curis\u00e9es ou de g\u00e9rer un panier d&rsquo;achat. Sans ces cookies, certains services ne pourraient pas \u00eatre fournis.<\/li>\n\n\n\n<li>Cookies de performance et d&rsquo;analyse : Ces cookies nous aident \u00e0 comprendre comment les visiteurs interagissent avec notre site (pages les plus visit\u00e9es, temps pass\u00e9 sur le site, messages d&rsquo;erreur, etc.). Les informations collect\u00e9es sont anonymes et nous servent \u00e0 am\u00e9liorer le site et l&rsquo;exp\u00e9rience utilisateur.<\/li>\n\n\n\n<li>Cookies de fonctionnalit\u00e9 : Ces cookies permettent au site de se souvenir de vos choix (par exemple, votre langue pr\u00e9f\u00e9r\u00e9e) et de vous offrir des fonctionnalit\u00e9s am\u00e9lior\u00e9es et personnalis\u00e9es.<\/li>\n\n\n\n<li>Cookies publicitaires : Ces cookies sont utilis\u00e9s pour diffuser des publicit\u00e9s plus pertinentes pour vous et vos centres d&rsquo;int\u00e9r\u00eat. Ils peuvent \u00e9galement \u00eatre utilis\u00e9s pour limiter le nombre de fois o\u00f9 vous voyez une publicit\u00e9 et pour mesurer l&rsquo;efficacit\u00e9 des campagnes publicitaires.<\/li>\n<\/ul>\n\n\n\n<p>3. Votre consentement aux cookies<\/p>\n\n\n\n<p>Lors de votre premi\u00e8re visite sur notre site, une banni\u00e8re d&rsquo;information et de consentement aux cookies appara\u00eet. Vous avez la possibilit\u00e9 d&rsquo;accepter tous les cookies, de les refuser, ou de param\u00e9trer vos pr\u00e9f\u00e9rences.<\/p>\n\n\n\n<p>Veuillez noter que le refus de certains cookies (notamment les cookies n\u00e9cessaires) pourrait alt\u00e9rer le fonctionnement de notre site.<\/p>\n\n\n\n<p>4. Gestion de vos pr\u00e9f\u00e9rences en mati\u00e8re de cookies<\/p>\n\n\n\n<p>Vous pouvez \u00e0 tout moment modifier ou retirer votre consentement aux cookies.<\/p>\n\n\n\n<p>Vous pouvez \u00e9galement configurer votre navigateur pour g\u00e9rer les cookies.<\/p>\n\n\n\n<p>5. Dur\u00e9e de conservation des cookies<\/p>\n\n\n\n<p>La dur\u00e9e de conservation des cookies varie en fonction de leur type. Les cookies de session sont supprim\u00e9s d\u00e8s que vous fermez votre navigateur. Les cookies persistants restent sur votre appareil pour une dur\u00e9e d\u00e9finie, allant de quelques jours \u00e0 plusieurs mois, selon leur finalit\u00e9.<\/p>\n\n\n\n<p>6. Mises \u00e0 jour de la politique de cookies<\/p>\n\n\n\n<p>Nous pourrions \u00eatre amen\u00e9s \u00e0 modifier cette politique de cookies. Toute modification sera publi\u00e9e sur cette page.<\/p>\n","protected":false},"excerpt":{"rendered":"<p>Cette politique explique comment La Tasse et le Biscuit SAS utilise les cookies et les technologies similaires sur son site internet. 1. Qu&rsquo;est-ce qu&rsquo;un cookie ? Un cookie est un petit fichier texte d\u00e9pos\u00e9 sur votre terminal (ordinateur, tablette, smartphone) lors de la consultation d&rsquo;un site internet. Il contient des informations sur votre navigation et [&hellip;]<\/p>\n","protected":false},"author":1,"featured_media":0,"parent":0,"menu_order":0,"comment_status":"closed","ping_status":"closed","template":"","meta":{"footnotes":""},"_links":{"self":[{"href":"http:\/\/reiki.one\/index.php?rest_route=\/wp\/v2\/pages\/1474"}],"collection":[{"href":"http:\/\/reiki.one\/index.php?rest_route=\/wp\/v2\/pages"}],"about":[{"href":"http:\/\/reiki.one\/index.php?rest_route=\/wp\/v2\/types\/page"}],"author":[{"embeddable":true,"href":"http:\/\/reiki.one\/index.php?rest_route=\/wp\/v2\/users\/1"}],"replies":[{"embeddable":true,"href":"http:\/\/reiki.one\/index.php?rest_route=%2Fwp%2Fv2%2Fcomments&post=1474"}],"version-history":[{"count":1,"href":"http:\/\/reiki.one\/index.php?rest_route=\/wp\/v2\/pages\/1474\/revisions"}],"predecessor-version":[{"id":1475,"href":"http:\/\/reiki.one\/index.php?rest_route=\/wp\/v2\/pages\/1474\/revisions\/1475"}],"wp:attachment":[{"href":"http:\/\/reiki.one\/index.php?rest_route=%2Fwp%2Fv2%2Fmedia&parent=1474"}],"curies":[{"name":"wp","href":"https:\/\/api.w.org\/{rel}","templated":true}]}}