{"id":17,"date":"2018-04-20T20:37:48","date_gmt":"2018-04-20T18:37:48","guid":{"rendered":"http:\/\/reiki.one\/?page_id=17"},"modified":"2025-06-11T14:34:44","modified_gmt":"2025-06-11T12:34:44","slug":"a-propos-de","status":"publish","type":"page","link":"http:\/\/reiki.one\/?page_id=17","title":{"rendered":"Qui suis-je ?"},"content":{"rendered":"<div class=\"row\">\n<div class=\"extra\">\n<div class=\"component \">\n<div class=\"self text textnormal\">\n<h2>Qui suis-je\u00a0?<\/h2>\n<\/div>\n<\/div>\n<\/div>\n<\/div>\n<div class=\"row\">\n<div class=\"col\">\n<div class=\"extra\">\n<div class=\"component \">\n<div class=\"self text textnormal\">\n<p><img loading=\"lazy\" decoding=\"async\" class=\"alignleft wp-image-512\" src=\"http:\/\/reiki.one\/wp-content\/uploads\/2019\/06\/Photo-Phil-juin-2019-nb-bord-213x300.jpeg\" alt=\"\" width=\"150\" height=\"212\" srcset=\"http:\/\/reiki.one\/wp-content\/uploads\/2019\/06\/Photo-Phil-juin-2019-nb-bord-213x300.jpeg 213w, http:\/\/reiki.one\/wp-content\/uploads\/2019\/06\/Photo-Phil-juin-2019-nb-bord-768x1084.jpeg 768w, http:\/\/reiki.one\/wp-content\/uploads\/2019\/06\/Photo-Phil-juin-2019-nb-bord-725x1024.jpeg 725w, http:\/\/reiki.one\/wp-content\/uploads\/2019\/06\/Photo-Phil-juin-2019-nb-bord.jpeg 1720w\" sizes=\"(max-width: 150px) 100vw, 150px\" \/><\/p>\n<p>Ing\u00e9nieur en biochimie de formation, ayant travaill\u00e9 plus de 25 ans dans la recherche et l&rsquo;industrie, c&rsquo;est par l\u2019A\u00efkido, l\u2019int\u00e9r\u00eat pour diff\u00e9rentes techniques de relaxation et la m\u00e9ditation que je suis arriv\u00e9 au Reiki.<\/p>\n<p>La voie que je suis et que j\u2019enseigne depuis une quinzaine d&rsquo;ann\u00e9es a \u00e9t\u00e9 transmise en Europe par une lign\u00e9e directement issue de ma\u00eetres japonais qui donnent ainsi une approche respectueuse de l\u2019enseignement originel de Mikao Usui.<\/p>\n<p>Mon premier enseignant est Jean-Claude Javaux.<\/p>\n<p>J&rsquo;ai aussi \u00e9t\u00e9 form\u00e9 par Frans Stiene et par Patrice Gros.<\/p>\n<p>Je suis enseignant reconnu par le Collectif Reiki Shoshin.<\/p>\n<p>Vous trouverez<a href=\"http:\/\/reiki.one\/wp-content\/uploads\/2024\/09\/Copie-de-Charte-du-Collectif-Shoshin-pour-site-3.pdf\" target=\"_blank\" rel=\"noopener\"> ici les codes d&rsquo;\u00e9thique et de pratique<\/a> :<\/p>\n<p>Pour plus d&rsquo;info sur le Collectif reiki Shoshin, <a href=\"http:\/\/reiki.one\/?page_id=1229\" target=\"_blank\" rel=\"noopener\">c&rsquo;est ici :\u00a0<\/a><\/p>\n<p><a href=\"http:\/\/reiki.one\/?page_id=1229\" target=\"_blank\" rel=\"noopener noreferrer\"><img loading=\"lazy\" decoding=\"async\" class=\"alignnone wp-image-1320\" src=\"http:\/\/reiki.one\/wp-content\/uploads\/2024\/09\/Logo-Collectif-Shoshin-horizontal-fond-transparent-300x125.png\" alt=\"\" width=\"144\" height=\"60\" srcset=\"http:\/\/reiki.one\/wp-content\/uploads\/2024\/09\/Logo-Collectif-Shoshin-horizontal-fond-transparent-300x125.png 300w, http:\/\/reiki.one\/wp-content\/uploads\/2024\/09\/Logo-Collectif-Shoshin-horizontal-fond-transparent-1024x427.png 1024w, http:\/\/reiki.one\/wp-content\/uploads\/2024\/09\/Logo-Collectif-Shoshin-horizontal-fond-transparent-768x320.png 768w, http:\/\/reiki.one\/wp-content\/uploads\/2024\/09\/Logo-Collectif-Shoshin-horizontal-fond-transparent-1536x641.png 1536w, http:\/\/reiki.one\/wp-content\/uploads\/2024\/09\/Logo-Collectif-Shoshin-horizontal-fond-transparent-2048x854.png 2048w\" sizes=\"(max-width: 144px) 100vw, 144px\" \/><\/a><\/p>\n<p>Ma filiation Usui Reiki Ryoho est la suivante :<\/p>\n<\/div>\n<\/div>\n<\/div>\n<\/div>\n<\/div>\n<div class=\"row\">\n<div class=\"extra\">\n<div class=\"component \">\n<div class=\"self text textnormal\">\n<div>\n<p style=\"text-align: center;\">Mikao Usui Sensei<br \/>\n(fondateur)<br \/>\n\u00a7<br \/>\nKanichi Taketomi<br \/>\n(3\u00b0 pr\u00e9sident de l&rsquo;Usui Reiki Ryoho Gakkai)<br \/>\n\u00a7<br \/>\nKimiko Koyama<br \/>\n(6\u00b0 pr\u00e9sidente de l&rsquo;Usui Reiki Ryoho Gakkai)<br \/>\n\u00a7<br \/>\nHiroshi Doi<br \/>\n(membre actuel de l&rsquo;Usui Reiki Ryoho Gakkai)<br \/>\n\u00a7<br \/>\nFrans Stiene<br \/>\n(International House of Reiki)<br \/>\n\u00a7<br \/>\nPhilippe Deweer<\/p>\n<\/div>\n<\/div>\n<\/div>\n<\/div>\n<\/div>\n","protected":false},"excerpt":{"rendered":"<p>Qui suis-je\u00a0? Ing\u00e9nieur en biochimie de formation, ayant travaill\u00e9 plus de 25 ans dans la recherche et l&rsquo;industrie, c&rsquo;est par l\u2019A\u00efkido, l\u2019int\u00e9r\u00eat pour diff\u00e9rentes techniques de relaxation et la m\u00e9ditation que je suis arriv\u00e9 au Reiki. La voie que je suis et que j\u2019enseigne depuis une quinzaine d&rsquo;ann\u00e9es a \u00e9t\u00e9 transmise en Europe par une [&hellip;]<\/p>\n","protected":false},"author":1,"featured_media":0,"parent":0,"menu_order":0,"comment_status":"closed","ping_status":"closed","template":"","meta":{"footnotes":""},"_links":{"self":[{"href":"http:\/\/reiki.one\/index.php?rest_route=\/wp\/v2\/pages\/17"}],"collection":[{"href":"http:\/\/reiki.one\/index.php?rest_route=\/wp\/v2\/pages"}],"about":[{"href":"http:\/\/reiki.one\/index.php?rest_route=\/wp\/v2\/types\/page"}],"author":[{"embeddable":true,"href":"http:\/\/reiki.one\/index.php?rest_route=\/wp\/v2\/users\/1"}],"replies":[{"embeddable":true,"href":"http:\/\/reiki.one\/index.php?rest_route=%2Fwp%2Fv2%2Fcomments&post=17"}],"version-history":[{"count":34,"href":"http:\/\/reiki.one\/index.php?rest_route=\/wp\/v2\/pages\/17\/revisions"}],"predecessor-version":[{"id":1481,"href":"http:\/\/reiki.one\/index.php?rest_route=\/wp\/v2\/pages\/17\/revisions\/1481"}],"wp:attachment":[{"href":"http:\/\/reiki.one\/index.php?rest_route=%2Fwp%2Fv2%2Fmedia&parent=17"}],"curies":[{"name":"wp","href":"https:\/\/api.w.org\/{rel}","templated":true}]}}