{"id":18,"date":"2018-04-20T20:37:48","date_gmt":"2018-04-20T18:37:48","guid":{"rendered":"http:\/\/reiki.one\/?page_id=18"},"modified":"2024-09-18T17:23:13","modified_gmt":"2024-09-18T15:23:13","slug":"contact","status":"publish","type":"page","link":"http:\/\/reiki.one\/?page_id=18","title":{"rendered":"Contact"},"content":{"rendered":"<div id=\"pl-18\" class=\"panel-layout\">\n<div id=\"pg-18-0\" class=\"panel-grid panel-no-style\">\n<div id=\"pgc-18-0-0\" class=\"panel-grid-cell\" data-weight=\"1\">\n<div id=\"panel-18-0-0-0\" class=\"so-panel widget widget_sow-editor panel-first-child panel-last-child\" data-index=\"0\" data-style=\"{&quot;background_image_attachment&quot;:false,&quot;background_display&quot;:&quot;tile&quot;}\">\n<div class=\"so-widget-sow-editor so-widget-sow-editor-base\">\n<div class=\"siteorigin-widget-tinymce textwidget\">\n<h2><strong>Contact<\/strong><\/h2>\n<p><strong>Formations et s\u00e9ances en Reiki traditionnel \u00e0 Dieppe ( Seine-Maritime &#8211; Normandie )<\/strong><\/p>\n<p><strong>Philippe Deweer<\/strong><\/p>\n<p>Email : <a href=\"mailto:reikiphil@gmail.com\" target=\"_blank\" rel=\"noopener\">reikiphil@gmail.com<\/a><\/p>\n<p>T\u00e9l\u00e9phone : +33 7 69662400<\/p>\n<p>Cabinet de Dieppe :<br \/>\nR\u00e9sidence les Jardiniers<br \/>\nRue Bousquet<br \/>\n76200 Dieppe<\/p>\n<\/div>\n<\/div>\n<\/div>\n<\/div>\n<\/div>\n<\/div>\n","protected":false},"excerpt":{"rendered":"<p>Contact Formations et s\u00e9ances en Reiki traditionnel \u00e0 Dieppe ( Seine-Maritime &#8211; Normandie ) Philippe Deweer Email : reikiphil@gmail.com T\u00e9l\u00e9phone : +33 7 69662400 Cabinet de Dieppe : R\u00e9sidence les Jardiniers Rue Bousquet 76200 Dieppe<\/p>\n","protected":false},"author":1,"featured_media":0,"parent":0,"menu_order":0,"comment_status":"closed","ping_status":"closed","template":"","meta":{"footnotes":""},"_links":{"self":[{"href":"http:\/\/reiki.one\/index.php?rest_route=\/wp\/v2\/pages\/18"}],"collection":[{"href":"http:\/\/reiki.one\/index.php?rest_route=\/wp\/v2\/pages"}],"about":[{"href":"http:\/\/reiki.one\/index.php?rest_route=\/wp\/v2\/types\/page"}],"author":[{"embeddable":true,"href":"http:\/\/reiki.one\/index.php?rest_route=\/wp\/v2\/users\/1"}],"replies":[{"embeddable":true,"href":"http:\/\/reiki.one\/index.php?rest_route=%2Fwp%2Fv2%2Fcomments&post=18"}],"version-history":[{"count":20,"href":"http:\/\/reiki.one\/index.php?rest_route=\/wp\/v2\/pages\/18\/revisions"}],"predecessor-version":[{"id":1361,"href":"http:\/\/reiki.one\/index.php?rest_route=\/wp\/v2\/pages\/18\/revisions\/1361"}],"wp:attachment":[{"href":"http:\/\/reiki.one\/index.php?rest_route=%2Fwp%2Fv2%2Fmedia&parent=18"}],"curies":[{"name":"wp","href":"https:\/\/api.w.org\/{rel}","templated":true}]}}