{"id":341,"date":"2019-01-17T12:00:42","date_gmt":"2019-01-17T11:00:42","guid":{"rendered":"http:\/\/reiki.one\/?page_id=341"},"modified":"2026-03-30T15:03:17","modified_gmt":"2026-03-30T13:03:17","slug":"agenda","status":"publish","type":"page","link":"http:\/\/reiki.one\/?page_id=341","title":{"rendered":"Agenda"},"content":{"rendered":"<div class=\"row\">\n<div class=\"component \">\n<div class=\"self text textnormal\">\n<div class=\"row\">\n<div class=\"extra\">\n<div class=\"component \">\n<div class=\"self text textnormal\">\n<h2 id=\"mce_18\" class=\"editor-rich-text__tinymce mce-content-body\" style=\"text-align: center;\" role=\"textbox\" contenteditable=\"true\" aria-label=\"R\u00e9digez un titre\u2026\" aria-autocomplete=\"list\" aria-multiline=\"true\" data-is-placeholder-visible=\"false\">Agenda des formations en Reiki traditionnel<\/h2>\n<\/div>\n<\/div>\n<\/div>\n<\/div>\n<\/div>\n<\/div>\n<\/div>\n<div class=\"row\">\n<div class=\"row\">\n<div class=\"extra\">\n<div class=\"component \">\n<p style=\"text-align: center;\"><strong><span style=\"color: #0000ff;\">&#8212; Prochaine formation 1\u00b0 niveau \u00e0 Dieppe : juin 2026 &#8212;<\/span><\/strong><\/p>\n<\/div>\n<div class=\"component \"><hr \/>\n<h5 style=\"text-align: left;\">Dates programm\u00e9es pour les formations (chaque niveau se fait en deux jours cons\u00e9cutifs) :<br \/>(inscription par email ou par t\u00e9l\u00e9phone)<\/h5>\n<h4>1\u00b0 niveau (Shoden) :<\/h4>\n<\/div>\n<\/div>\n<\/div>\n<\/div>\n<div class=\"row\">\n<div class=\"extra\">\n<div class=\"component \">\n<div class=\"row\">\n<div class=\"extra\">\n<div class=\"component \">\n<div><span style=\"color: #993366;\"><span style=\"color: #0000ff;\">. juin 2026 \u00e0 Dieppe (180\u20ac)<\/span><\/span><\/div>\n<\/div>\n<\/div>\n<\/div>\n<\/div>\n<\/div>\n<\/div>\n<div class=\"row\">\n<div class=\"extra\">\n<div class=\"component \">\n<div class=\"self text textnormal\">\n<h4>2\u00b0 niveau (Okuden) :<\/h4>\n<p><span style=\"color: #993366;\"><span style=\"color: #0000ff;\">. <span style=\"font-size: inherit;\">samedi 13 et dimanche 14 juin 2026 \u00e0 Dieppe (210\u20ac)<\/span><br \/><\/span><\/span><\/p>\n<\/div>\n<\/div>\n<\/div>\n<\/div>\n<div class=\"row\">\n<div class=\"extra\">\n<div class=\"component \">\n<div class=\"self text textnormal\">\n<div class=\"row\">\n<div class=\"extra\">\n<div class=\"component \">\n<div class=\"self text textnormal\">\n<h4>Module des techniques traditionnelles compl\u00e9mentaires :<\/h4>\n<p><span style=\"font-size: inherit;\"><span style=\"color: #0000ff;\">. septembre 2026 \u00e0 Dieppe (210\u20ac)<\/span><\/span><\/p>\n<\/div>\n<\/div>\n<\/div>\n<\/div>\n<div class=\"row\">\n<div class=\"extra\">\n<div class=\"component \">\n<div class=\"self text textnormal\">\n<h4>3\u00b0 niveau (Shinpiden) :<\/h4>\n<p><span style=\"font-size: inherit;\"><span style=\"color: #0000ff;\">. jeudi 9 et vendredi 10 juillet 2026 \u00e0 Dieppe (500\u20ac)<\/span><\/span><\/p>\n<\/div>\n<\/div>\n<\/div>\n<\/div>\n<\/div>\n<\/div>\n<\/div>\n<\/div>\n<div class=\"row\">\n<div class=\"extra\">\n<div class=\"component \">\n<div class=\"self text textnormal\"><hr \/>\n<p><strong>Des formations peuvent \u00e9galement \u00eatre organis\u00e9es \u00e0 la demande \u00e0 d&rsquo;autres dates, dans d&rsquo;autres lieux, en groupe ou individuellement si cela vous convient mieux.<\/strong><\/p>\n<hr \/><\/div>\n<p><iframe loading=\"lazy\" style=\"border-width: 0;\" src=\"https:\/\/calendar.google.com\/calendar\/embed?showTz=0&amp;height=400&amp;wkst=2&amp;bgcolor=%23FFFFFF&amp;src=rdou5ldtr6hau9p3mpunkru6co%40group.calendar.google.com&amp;color=%23A32929&amp;ctz=Europe%2FBrussels\" width=\"800\" height=\"400\" frameborder=\"0\" scrolling=\"no\"><\/iframe><\/p>\n<\/div>\n<\/div>\n<\/div>\n<div class=\"row\">\n<div class=\"component \">\n<div class=\"self text textnormal\">\n<div class=\"row\">\n<div class=\"extra\">\n<div class=\"component \">\n<div class=\"self text textnormal\"><strong>Enseignant reconnu par le Collectif Reiki Shoshin.<\/strong><\/div>\n<\/div>\n<\/div>\n<\/div>\n<\/div>\n<\/div>\n<\/div>\n<p style=\"text-align: left;\"><a href=\"http:\/\/reiki.one\/?page_id=1229\" target=\"_blank\" rel=\"noopener noreferrer\"><img loading=\"lazy\" decoding=\"async\" class=\"alignnone wp-image-1320\" src=\"http:\/\/reiki.one\/wp-content\/uploads\/2024\/09\/Logo-Collectif-Shoshin-horizontal-fond-transparent-300x125.png\" alt=\"\" width=\"144\" height=\"60\" srcset=\"http:\/\/reiki.one\/wp-content\/uploads\/2024\/09\/Logo-Collectif-Shoshin-horizontal-fond-transparent-300x125.png 300w, http:\/\/reiki.one\/wp-content\/uploads\/2024\/09\/Logo-Collectif-Shoshin-horizontal-fond-transparent-1024x427.png 1024w, http:\/\/reiki.one\/wp-content\/uploads\/2024\/09\/Logo-Collectif-Shoshin-horizontal-fond-transparent-768x320.png 768w, http:\/\/reiki.one\/wp-content\/uploads\/2024\/09\/Logo-Collectif-Shoshin-horizontal-fond-transparent-1536x641.png 1536w, http:\/\/reiki.one\/wp-content\/uploads\/2024\/09\/Logo-Collectif-Shoshin-horizontal-fond-transparent-2048x854.png 2048w\" sizes=\"(max-width: 144px) 100vw, 144px\" \/><\/a><\/p>\n<p style=\"text-align: left;\"><strong>Un certificat est d\u00e9livr\u00e9 apr\u00e8s chaque degr\u00e9 attestant du training dans la lign\u00e9e Usui Reiki Ryoho.<\/strong><br \/><strong>Les formations sont accompagn\u00e9es d&rsquo;un manuel complet.<\/strong><\/p>\n<hr \/>\n<p style=\"text-align: left;\">\u00a0<\/p>\n\n\n<p class=\"has-text-color\" style=\"color:#ffffff\">Belgium&nbsp;Belgique &nbsp;Brussels&nbsp;Bruxelles Brussel Hainaut Enghien Hainaut Lessines Frasnes Nivelles Wavre Mons Brabant&nbsp;Soignies Ath Tournai Leuze Hainaut Mouscron Courtrai Grammont renaix P\u00e9ruwelz Charleroi Namur<br>France Nord Pas-de-Calais Lezennes Lille Valenciennes Lens Roubaix Maubeuge Arras B\u00e9thune Tourcoing Dieppe Villeneuve d&rsquo;Ascq Ronchin Formation reiki Formations reiki \u00ab\u00a0Formation reiki\u00a0\u00bb \u00ab\u00a0Formations reiki\u00a0\u00bb stage reiki initiation reiki initiations reiki stages reiki cours reiki harmonisation reiju soins reiki s\u00e9ances reiki dipl\u00f4me certification formation certifiante formations certifiantes<\/p>\n","protected":false},"excerpt":{"rendered":"<p>Agenda des formations en Reiki traditionnel &#8212; Prochaine formation 1\u00b0 niveau \u00e0 Dieppe : juin 2026 &#8212; Dates programm\u00e9es pour les formations (chaque niveau se fait en deux jours cons\u00e9cutifs) :(inscription par email ou par t\u00e9l\u00e9phone) 1\u00b0 niveau (Shoden) : . juin 2026 \u00e0 Dieppe (180\u20ac) 2\u00b0 niveau (Okuden) : . samedi 13 et dimanche [&hellip;]<\/p>\n","protected":false},"author":1,"featured_media":0,"parent":0,"menu_order":0,"comment_status":"closed","ping_status":"closed","template":"","meta":{"footnotes":""},"_links":{"self":[{"href":"http:\/\/reiki.one\/index.php?rest_route=\/wp\/v2\/pages\/341"}],"collection":[{"href":"http:\/\/reiki.one\/index.php?rest_route=\/wp\/v2\/pages"}],"about":[{"href":"http:\/\/reiki.one\/index.php?rest_route=\/wp\/v2\/types\/page"}],"author":[{"embeddable":true,"href":"http:\/\/reiki.one\/index.php?rest_route=\/wp\/v2\/users\/1"}],"replies":[{"embeddable":true,"href":"http:\/\/reiki.one\/index.php?rest_route=%2Fwp%2Fv2%2Fcomments&post=341"}],"version-history":[{"count":327,"href":"http:\/\/reiki.one\/index.php?rest_route=\/wp\/v2\/pages\/341\/revisions"}],"predecessor-version":[{"id":1500,"href":"http:\/\/reiki.one\/index.php?rest_route=\/wp\/v2\/pages\/341\/revisions\/1500"}],"wp:attachment":[{"href":"http:\/\/reiki.one\/index.php?rest_route=%2Fwp%2Fv2%2Fmedia&parent=341"}],"curies":[{"name":"wp","href":"https:\/\/api.w.org\/{rel}","templated":true}]}}