{"id":540,"date":"2019-07-17T14:26:58","date_gmt":"2019-07-17T12:26:58","guid":{"rendered":"http:\/\/reiki.one\/?page_id=540"},"modified":"2024-03-12T14:21:51","modified_gmt":"2024-03-12T13:21:51","slug":"seances","status":"publish","type":"page","link":"http:\/\/reiki.one\/?page_id=540","title":{"rendered":"S\u00e9ances"},"content":{"rendered":"<div id=\"pl-540\" class=\"panel-layout\">\n<div id=\"pg-540-0\" class=\"panel-grid panel-no-style\">\n<div id=\"pgc-540-0-0\" class=\"panel-grid-cell\" data-weight=\"1\">\n<div id=\"panel-540-0-0-0\" class=\"so-panel widget widget_sow-editor panel-first-child panel-last-child\" data-index=\"0\" data-style=\"{&quot;background_image_attachment&quot;:false,&quot;background_display&quot;:&quot;tile&quot;}\">\n<div class=\"so-widget-sow-editor so-widget-sow-editor-base\">\n<div class=\"siteorigin-widget-tinymce textwidget\">\n<p>Dans sa dimension de soins, le Reiki peut-\u00eatre d\u00e9fini comme une m\u00e9thode holistique de soins \u00e9nerg\u00e9tiques qui s\u2019inscrit dans une d\u00e9marche de d\u00e9veloppement personnel et de recherche de bien-\u00eatre. Il s\u2019agit d\u2019une approche globale sans diagnostic ni interpr\u00e9tation ayant pour but de restaurer l\u2019\u00e9quilibre de l\u2019\u00eatre entier, \u00e0 la fois sur le plan physique, \u00e9motionnel, mental et spirituel. Le praticien canalise et transmet cette \u00e9nergie universelle \u00abReiki\u00bb pour nous relier \u00e0 la source de gu\u00e9rison que chacun porte en lui et activer ainsi les processus naturels de gu\u00e9rison.<\/p>\n<p>En tant que professionnel en Reiki et en th\u00e9rapies br\u00e8ves \u00e0 vis\u00e9e de bien-\u00eatre, j&rsquo;agis en compl\u00e9mentarit\u00e9 avec les professionnels de sant\u00e9 conventionnelle pour le bien-\u00eatre global des individus ; il s&rsquo;agit de pratiques d\u2019accompagnement au mieux-\u00eatre.<br \/>\nSi vous percevez des signes d\u2019alt\u00e9ration de votre fonctionnement psychique ou physiologique, consultez pr\u00e9alablement votre m\u00e9decin afin de ne pas retarder une prise en charge m\u00e9dicale \u00e9ventuellement n\u00e9cessaire.<br \/>\nLe Reiki contribue \u00e0 la pr\u00e9vention des risques de sant\u00e9 mais ne se substitue en rien \u00e0 la M\u00e9decine ni n&rsquo;interf\u00e8re avec celle-ci d&rsquo;aucune fa\u00e7on. Le Reiki ne se substitue \u00e0 aucun traitement m\u00e9dical, mais peut par contre en renforcer les effets ou aider \u00e0 mieux les tol\u00e9rer.<\/p>\n<div class=\"row\">\n<div class=\"extra\">\n<div class=\"component \">\n<div class=\"self text textnormal\">\n<h2>S\u00e9ances<\/h2>\n<p>Une s\u00e9ance type dure environ une heure (pr\u00e9voyez 1h15 pour la premi\u00e8re).<\/p>\n<p>Le praticien pose ses mains l\u00e9g\u00e8rement, sans massage ni pression, sur diff\u00e9rentes parties du corps de la personne recevant le soin (qui reste habill\u00e9e) afin de canaliser l&rsquo;\u00e9nergie.<\/p>\n<p>Celle-ci peut, si elle le d\u00e9sire, garder le silence sur sa probl\u00e9matique.<\/p>\n<\/div>\n<\/div>\n<\/div>\n<\/div>\n<div class=\"row\">\n<div class=\"extra\">\n<div class=\"component \">\n<div class=\"self text textnormal\">\n<p>La participation \u00e0 la s\u00e9ance est de 60\u20ac.<\/p>\n<p>L\u2019argent ne doit en aucun cas \u00eatre un obstacle \u00e0 la pratique du Reiki. Si vous avez des difficult\u00e9s financi\u00e8res, faites-le moi savoir.<\/p>\n<p>Les s\u00e9ances peuvent \u00e9galement \u00eatre donn\u00e9es \u00e0 domicile dans la r\u00e9gion de Dieppe.<\/p>\n<p>Vous pouvez trouver les CGV ici : <a href=\"http:\/\/reiki.one\/?page_id=1164\" target=\"_blank\" rel=\"noopener\">CGC &#8211; Conditions g\u00e9n\u00e9rales de Vente<\/a><\/p>\n<\/div>\n<\/div>\n<\/div>\n<\/div>\n<\/div>\n<\/div>\n<\/div>\n<\/div>\n<\/div>\n<\/div>\n","protected":false},"excerpt":{"rendered":"<p>Dans sa dimension de soins, le Reiki peut-\u00eatre d\u00e9fini comme une m\u00e9thode holistique de soins \u00e9nerg\u00e9tiques qui s\u2019inscrit dans une d\u00e9marche de d\u00e9veloppement personnel et de recherche de bien-\u00eatre. Il s\u2019agit d\u2019une approche globale sans diagnostic ni interpr\u00e9tation ayant pour but de restaurer l\u2019\u00e9quilibre de l\u2019\u00eatre entier, \u00e0 la fois sur le plan physique, \u00e9motionnel, [&hellip;]<\/p>\n","protected":false},"author":1,"featured_media":0,"parent":0,"menu_order":0,"comment_status":"closed","ping_status":"closed","template":"","meta":{"footnotes":""},"_links":{"self":[{"href":"http:\/\/reiki.one\/index.php?rest_route=\/wp\/v2\/pages\/540"}],"collection":[{"href":"http:\/\/reiki.one\/index.php?rest_route=\/wp\/v2\/pages"}],"about":[{"href":"http:\/\/reiki.one\/index.php?rest_route=\/wp\/v2\/types\/page"}],"author":[{"embeddable":true,"href":"http:\/\/reiki.one\/index.php?rest_route=\/wp\/v2\/users\/1"}],"replies":[{"embeddable":true,"href":"http:\/\/reiki.one\/index.php?rest_route=%2Fwp%2Fv2%2Fcomments&post=540"}],"version-history":[{"count":11,"href":"http:\/\/reiki.one\/index.php?rest_route=\/wp\/v2\/pages\/540\/revisions"}],"predecessor-version":[{"id":1179,"href":"http:\/\/reiki.one\/index.php?rest_route=\/wp\/v2\/pages\/540\/revisions\/1179"}],"wp:attachment":[{"href":"http:\/\/reiki.one\/index.php?rest_route=%2Fwp%2Fv2%2Fmedia&parent=540"}],"curies":[{"name":"wp","href":"https:\/\/api.w.org\/{rel}","templated":true}]}}