{"id":606,"date":"2020-01-23T13:20:47","date_gmt":"2020-01-23T12:20:47","guid":{"rendered":"http:\/\/reiki.one\/?page_id=606"},"modified":"2025-06-11T14:15:16","modified_gmt":"2025-06-11T12:15:16","slug":"mentions-legales","status":"publish","type":"page","link":"http:\/\/reiki.one\/?page_id=606","title":{"rendered":"Mentions L\u00e9gales"},"content":{"rendered":"<div id=\"pl-606\" class=\"panel-layout\">\n<div id=\"pg-606-0\" class=\"panel-grid panel-no-style\">\n<div id=\"pgc-606-0-0\" class=\"panel-grid-cell\" data-weight=\"1\">\n<div id=\"panel-606-0-0-0\" class=\"so-panel widget widget_sow-editor panel-first-child panel-last-child\" data-index=\"0\" data-style=\"{&quot;background_image_attachment&quot;:false,&quot;background_display&quot;:&quot;tile&quot;}\">\n<div class=\"so-widget-sow-editor so-widget-sow-editor-base\">\n<h3 class=\"widget-title\">Mentions l\u00e9gales<\/h3>\n<div class=\"siteorigin-widget-tinymce textwidget\">\n<p><span style=\"font-weight: 400;\">\u00c9diteur du site<\/span><\/p>\n<p><span style=\"font-weight: 400;\">Le pr\u00e9sent site internet est \u00e9dit\u00e9 par :<\/span><\/p>\n<p><span style=\"font-weight: 400;\">La Tasse et le Biscuit SAS Soci\u00e9t\u00e9 par Actions Simplifi\u00e9e au capital de 5 000 \u20ac RCS Dieppe : 943 906 982 Num\u00e9ro de SIRET : 943 906 982 00013 Num\u00e9ro de TVA intracommunautaire : FR55943906982<\/span><\/p>\n<p><span style=\"font-weight: 400;\">Si\u00e8ge social : 21 Rue de Clieu 76200 Dieppe France<\/span><\/p>\n<p><span style=\"font-weight: 400;\">Contact : <\/span><a href=\"mailto:latasseetlebiscuit@etik.com\"><span style=\"font-weight: 400;\">latasseetlebiscuit@etik.com<\/span><\/a><span style=\"font-weight: 400;\"> ; 0769662400<\/span><\/p>\n<p><span style=\"font-weight: 400;\">Directeur de la publication<\/span><\/p>\n<p><span style=\"font-weight: 400;\">Le directeur de la publication du site est : Philippe Deweer (Pr\u00e9sident)<\/span><\/p>\n<p><span style=\"font-weight: 400;\">H\u00e9bergeur du site<\/span><\/p>\n<p><span style=\"font-weight: 400;\">Le site est h\u00e9berg\u00e9 par :<\/span><\/p>\n<p><span style=\"font-weight: 400;\">Infomaniak Network SA Rue Eug\u00e8ne-Marziano 25 1227 Les Acacias (Gen\u00e8ve) Suisse<\/span><\/p>\n<p><span style=\"font-weight: 400;\">ou<\/span><\/p>\n<p><span style=\"font-weight: 400;\">OVH, SAS au capital de 10 069 020 euros, dont le sie\u0300ge social est situe\u0301 2 rue Kellermann \u2013 59100 Roubaix \u2013 France, joignable par le moyen suivant : +33 9 72 10 10 07<\/span><\/p>\n<p><span style=\"font-weight: 400;\">Propri\u00e9t\u00e9 intellectuelle<\/span><\/p>\n<p><span style=\"font-weight: 400;\">L&rsquo;ensemble du contenu de ce site (textes, images, graphismes, logos, ic\u00f4nes, sons, logiciels, etc.) est la propri\u00e9t\u00e9 de La Tasse et le Biscuit SAS, sauf mentions contraires. Toute reproduction, repr\u00e9sentation, modification, publication, adaptation de tout ou partie des \u00e9l\u00e9ments du site, quel que soit le moyen ou le proc\u00e9d\u00e9 utilis\u00e9, est interdite, sauf autorisation \u00e9crite pr\u00e9alable de La Tasse et le Biscuit SAS.<\/span><\/p>\n<p><span style=\"font-weight: 400;\">R\u00e8glement amiable des litiges &#8211; m\u00e9diation de la consommation<\/span><\/p>\n<p><span style=\"font-weight: 400;\">Conform\u00e9ment aux dispositions des articles L 611-1 et R 612-1 et suivants du Code de la Consommation concernant le r\u00e8glement amiable des litiges : Lorsque le consommateur a adress\u00e9 une r\u00e9clamation \u00e9crite au professionnel et qu&rsquo;il n&rsquo;a pas obtenu satisfaction ou de r\u00e9ponse dans un d\u00e9lai de deux mois, il peut soumettre gratuitement sa r\u00e9clamation au m\u00e9diateur de la consommation. Le m\u00e9diateur doit \u00eatre saisi dans le d\u00e9lai maximal d&rsquo;un an \u00e0 compter de la r\u00e9clamation initiale.<\/span><span style=\"font-weight: 400;\"><br \/>\n<\/span><span style=\"font-weight: 400;\">Le m\u00e9diateur MCP M\u00e9diation peut \u00eatre saisi directement en ligne \u00e0 l&rsquo;adresse suivante : www.mcpmediation.org ou par courrier<\/span><span style=\"font-weight: 400;\"><br \/>\n<\/span><span style=\"font-weight: 400;\">m\u00e9diation de la consommation et patrimoine &#8211; 12 square desnouettes &#8211; 75015 Paris<\/span><\/p>\n<\/div>\n<\/div>\n<\/div>\n<\/div>\n<\/div>\n<\/div>\n","protected":false},"excerpt":{"rendered":"<p>Mentions l\u00e9gales \u00c9diteur du site Le pr\u00e9sent site internet est \u00e9dit\u00e9 par : La Tasse et le Biscuit SAS Soci\u00e9t\u00e9 par Actions Simplifi\u00e9e au capital de 5 000 \u20ac RCS Dieppe : 943 906 982 Num\u00e9ro de SIRET : 943 906 982 00013 Num\u00e9ro de TVA intracommunautaire : FR55943906982 Si\u00e8ge social : 21 Rue de [&hellip;]<\/p>\n","protected":false},"author":1,"featured_media":0,"parent":0,"menu_order":0,"comment_status":"closed","ping_status":"closed","template":"","meta":{"footnotes":""},"_links":{"self":[{"href":"http:\/\/reiki.one\/index.php?rest_route=\/wp\/v2\/pages\/606"}],"collection":[{"href":"http:\/\/reiki.one\/index.php?rest_route=\/wp\/v2\/pages"}],"about":[{"href":"http:\/\/reiki.one\/index.php?rest_route=\/wp\/v2\/types\/page"}],"author":[{"embeddable":true,"href":"http:\/\/reiki.one\/index.php?rest_route=\/wp\/v2\/users\/1"}],"replies":[{"embeddable":true,"href":"http:\/\/reiki.one\/index.php?rest_route=%2Fwp%2Fv2%2Fcomments&post=606"}],"version-history":[{"count":8,"href":"http:\/\/reiki.one\/index.php?rest_route=\/wp\/v2\/pages\/606\/revisions"}],"predecessor-version":[{"id":1468,"href":"http:\/\/reiki.one\/index.php?rest_route=\/wp\/v2\/pages\/606\/revisions\/1468"}],"wp:attachment":[{"href":"http:\/\/reiki.one\/index.php?rest_route=%2Fwp%2Fv2%2Fmedia&parent=606"}],"curies":[{"name":"wp","href":"https:\/\/api.w.org\/{rel}","templated":true}]}}